{"id":45,"date":"2021-03-10T19:56:03","date_gmt":"2021-03-10T18:56:03","guid":{"rendered":"http:\/\/www.placemanivelle.com\/?page_id=45"},"modified":"2024-12-07T08:43:36","modified_gmt":"2024-12-07T07:43:36","slug":"bistrote","status":"publish","type":"page","link":"https:\/\/www.placemanivelle.com\/index.php\/bistrote\/","title":{"rendered":"Bistrote"},"content":{"rendered":"\t\t<div data-elementor-type=\"wp-page\" data-elementor-id=\"45\" class=\"elementor elementor-45\">\n\t\t\t\t<div class=\"elementor-element elementor-element-49e78cdc e-flex e-con-boxed e-con e-parent\" data-id=\"49e78cdc\" data-element_type=\"container\">\n\t\t\t\t\t<div class=\"e-con-inner\">\n\t\t\t\t<div class=\"elementor-element elementor-element-11e251e8 elementor-widget elementor-widget-text-editor\" data-id=\"11e251e8\" data-element_type=\"widget\" data-widget_type=\"text-editor.default\">\n\t\t\t\t<div class=\"elementor-widget-container\">\n\t\t\t\t\t\t\t<!-- wp:paragraph {\"align\":\"center\",\"textColor\":\"very-dark-gray\"} -->\n<p class=\"has-text-color has-very-dark-gray-color\" style=\"text-align: center;\">La<strong> Bistrote<\/strong>, c&#8217;est un caf\u00e9 qui a la bougeotte,<br \/>un mini-bistrot qui va \u00e0 la rencontre des habitantes et des habitants,\u00a0<br \/>qui se d\u00e9place de villes en places&#8230;<\/p>\n<!-- \/wp:paragraph --><!-- wp:paragraph {\"align\":\"center\",\"textColor\":\"very-dark-gray\"} -->\n<p class=\"has-text-color has-very-dark-gray-color\" style=\"text-align: center;\">La<strong> Bistrote<\/strong> c&#8217;est un outil de soutien au spectacle vivant, c&#8217;est un lieu \u00e9ph\u00e9m\u00e8re pour accompagner le d\u00e9bat,\u00a0un coin de table o\u00f9 discuter autour d&#8217;un verre.<\/p>\n<!-- \/wp:paragraph --><!-- wp:gallery {\"ids\":[408],\"align\":\"center\"} -->\n<ul class=\"wp-block-gallery aligncenter columns-1 is-cropped\">\n<li class=\"blocks-gallery-item\">\n<figure><img fetchpriority=\"high\" decoding=\"async\" width=\"1024\" height=\"282\" class=\"wp-image-408\" src=\"https:\/\/www.placemanivelle.com\/wp-content\/uploads\/2024\/11\/Design-sans-titre-1024x282.jpeg\" alt=\"\" data-id=\"408\" data-link=\"https:\/\/www.placemanivelle.com\/index.php\/bistrote\/design-sans-titre-1\/\" srcset=\"https:\/\/www.placemanivelle.com\/wp-content\/uploads\/2024\/11\/Design-sans-titre-1024x282.jpeg 1024w, https:\/\/www.placemanivelle.com\/wp-content\/uploads\/2024\/11\/Design-sans-titre-300x83.jpeg 300w, https:\/\/www.placemanivelle.com\/wp-content\/uploads\/2024\/11\/Design-sans-titre-768x212.jpeg 768w\" sizes=\"(max-width: 1024px) 100vw, 1024px\" \/><\/figure>\n<\/li>\n<\/ul>\n<!-- \/wp:gallery --><!-- wp:paragraph {\"align\":\"left\",\"textColor\":\"very-dark-gray\"} -->\n<p class=\"has-text-color has-very-dark-gray-color\" style=\"text-align: left;\">La<strong> Bistrote<\/strong>, c&#8217;est :<\/p>\n<!-- \/wp:paragraph --><!-- wp:list -->\n<ul>\n<li>Une caravane<\/li>\n<li>Un comptoir\u00a0<\/li>\n<li>Des bons produits en circuit court<\/li>\n<li>Des tables et des chaises<\/li>\n<li>Des guirlandes<\/li>\n<\/ul>\n<!-- \/wp:list --><!-- wp:image {\"id\":110,\"align\":\"right\",\"width\":282,\"height\":199} -->\n<div class=\"wp-block-image\">\n<figure class=\"alignright is-resized\"><img decoding=\"async\" class=\"wp-image-110\" src=\"http:\/\/www.placemanivelle.com\/wp-content\/uploads\/2021\/03\/bistrote-caravane-1024x728.png\" alt=\"\" width=\"282\" height=\"199\" srcset=\"https:\/\/www.placemanivelle.com\/wp-content\/uploads\/2021\/03\/bistrote-caravane-1024x728.png 1024w, https:\/\/www.placemanivelle.com\/wp-content\/uploads\/2021\/03\/bistrote-caravane-300x213.png 300w, https:\/\/www.placemanivelle.com\/wp-content\/uploads\/2021\/03\/bistrote-caravane-768x546.png 768w\" sizes=\"(max-width: 282px) 100vw, 282px\" \/><\/figure>\n<\/div>\n<!-- \/wp:image --><!-- wp:paragraph -->\n<p>\u00a0<\/p>\n<!-- \/wp:paragraph --><!-- wp:paragraph {\"textColor\":\"vivid-red\"} -->\n<p class=\"has-text-color has-vivid-red-color\"><strong>La Bistrote, c&#8217;est une caravane qui veut vivre des aventures<\/strong>&#8230;<\/p>\n<!-- \/wp:paragraph -->\t\t\t\t\t\t<\/div>\n\t\t\t\t<\/div>\n\t\t\t\t\t<\/div>\n\t\t\t\t<\/div>\n\t\t<div class=\"elementor-element elementor-element-5c7a6b9 e-flex e-con-boxed e-con e-parent\" data-id=\"5c7a6b9\" data-element_type=\"container\">\n\t\t\t\t\t<div class=\"e-con-inner\">\n\t\t\t\t\t<\/div>\n\t\t\t\t<\/div>\n\t\t\t\t<\/div>\n\t\t","protected":false},"excerpt":{"rendered":"<p>La Bistrote, c&#8217;est un caf\u00e9 qui a la bougeotte,un mini-bistrot qui va \u00e0 la rencontre des habitantes et des habitants,\u00a0qui se d\u00e9place de villes en places&#8230; La Bistrote c&#8217;est un outil de soutien au spectacle&hellip;<\/p>\n<p><a class=\"excerpt-readmore\" href=\"https:\/\/www.placemanivelle.com\/index.php\/bistrote\/\">Read More<\/a><\/p>\n","protected":false},"author":1,"featured_media":0,"parent":0,"menu_order":0,"comment_status":"closed","ping_status":"closed","template":"","meta":{"footnotes":""},"class_list":["post-45","page","type-page","status-publish","hentry","odd"],"_links":{"self":[{"href":"https:\/\/www.placemanivelle.com\/index.php\/wp-json\/wp\/v2\/pages\/45","targetHints":{"allow":["GET"]}}],"collection":[{"href":"https:\/\/www.placemanivelle.com\/index.php\/wp-json\/wp\/v2\/pages"}],"about":[{"href":"https:\/\/www.placemanivelle.com\/index.php\/wp-json\/wp\/v2\/types\/page"}],"author":[{"embeddable":true,"href":"https:\/\/www.placemanivelle.com\/index.php\/wp-json\/wp\/v2\/users\/1"}],"replies":[{"embeddable":true,"href":"https:\/\/www.placemanivelle.com\/index.php\/wp-json\/wp\/v2\/comments?post=45"}],"version-history":[{"count":34,"href":"https:\/\/www.placemanivelle.com\/index.php\/wp-json\/wp\/v2\/pages\/45\/revisions"}],"predecessor-version":[{"id":497,"href":"https:\/\/www.placemanivelle.com\/index.php\/wp-json\/wp\/v2\/pages\/45\/revisions\/497"}],"wp:attachment":[{"href":"https:\/\/www.placemanivelle.com\/index.php\/wp-json\/wp\/v2\/media?parent=45"}],"curies":[{"name":"wp","href":"https:\/\/api.w.org\/{rel}","templated":true}]}}